{"id":86,"date":"2022-11-29T13:47:45","date_gmt":"2022-11-29T16:47:45","guid":{"rendered":"http:\/\/sterkel.com.ar\/sr\/?page_id=86"},"modified":"2022-12-19T10:23:15","modified_gmt":"2022-12-19T13:23:15","slug":"servicios","status":"publish","type":"page","link":"https:\/\/sterkel.com.ar\/sr\/index.php\/servicios\/","title":{"rendered":"Servicios"},"content":{"rendered":"<p><meta http-equiv=\"refresh\" content=\"5\"><\/p>\n\n\n<p><p class=\"has-medium-font-size\"; style=\"color: black\">En Sterkel nuestra filosof\u00eda esta conseguida para ofrecer un servicio especializado a nuestros clientes. Servicio que se enfoca en las soluciones t\u00e9cnico &#8211; econ\u00f3micas m\u00e1s adecuadas a los requerimientos y necesidades de nuestros clientes.<\/p><\/p>\n\n\n<p><nbsp><br><\/nbsp><\/p>\n\n\n<p><p class=\"has-medium-font-size\" ;=\"\" style=\"color: black\">Para la eficaz prestaci\u00f3n de nuestros servicios contamos con personal id\u00f3neo, un taller equipado con todas las herramientas adecuadas para las tareas, un stock de repuestos y veh\u00edculos disponibles exclusivamente para este servicio.<\/p><\/p>\n\n\n<p><nbsp><br><\/nbsp><\/p>\n\n\n<p><p class=\"has-medium-font-size\" ;=\"\" style=\"color: black\">Brindamos Servicio Mantenimiento acordado con nuestros clientes de forma peri\u00f3dica en las instalaciones del mismo asegurando de este modo un plan de mantenimiento estable, altamente especializado y preventivo. Estos planes de mantenimiento est\u00e1n debidamente documentados para lograr un standard y aseguramiento de la calidad del servicio, comprende entre otras, las siguientes pr\u00e1cticas:<br><\/p><\/p>\n\n\n<p><nbsp><br><\/nbsp><\/p>\n<p><nbsp><br><\/nbsp><\/p>\n<table border=\"0\" width=\"100%\" cellspacing=\"3\" cellpadding=\"3\">\n<tbody>\n<tr valign=\"TOP\" bgcolor=\"#385F80\">\n<td width=\"34%\">\n<h5 align=\"CENTER\"><strong><span style=\"color: #ffffff;\"><span class=\"texto\">Compactos o Ventanas<\/span><\/span><\/strong><\/h5>\n<\/td>\n<td width=\"34%\">\n<h5 align=\"CENTER\"><strong><span class=\"texto\" style=\"color: #ffffff;\">Split<\/span><\/strong><\/h5>\n<\/td>\n<td width=\"34%\">\n<h5 align=\"CENTER\"><strong><span class=\"texto\" style=\"color: #ffffff;\">Centrales<\/span><\/strong><\/h5>\n<\/td>\n<\/tr>\n<tr valign=\"TOP\">\n<td bgcolor=\"#E7F6FD\" width=\"34%\">\n<h5><span class=\"texto\"><span style=\"font-size: xx-medium;\">Lavado de los evaporadores y condensadores.<br>Revisi\u00f3n de la presi\u00f3n de succi\u00f3n y descarga del equipo para detectar posibles obstrucciones o fugas.<br>Revisi\u00f3n, ajuste y lubricaci\u00f3n de los ventiladores, balineras y bandas.<br>Revisi\u00f3n y ajuste de prisioneros.<br>Chequeo de voltajes y amperajes de los sistemas el\u00e9ctricos de potencia y control.<br>Revisi\u00f3n y limpieza de contactores t\u00e9rmicos y protecciones el\u00e9ctricas de los equipos.<br>Lavado de filtros de aire.<br>Limpieza de rejillas y difusores.<\/span><\/span><\/h5>\n<\/td>\n<td bgcolor=\"#DBF1FC\" width=\"34%\">\n<h5><span style=\"font-size: xx-medium;\">Lavado de los evaporadores y condensadores.<br>Revisi\u00f3n de la presi\u00f3n de succi\u00f3n y descarga del equipo para detectar posibles obstrucciones o fugas.<br>Revisi\u00f3n, ajuste y lubricaci\u00f3n de los ventiladores, balineras y bandas.<br>Revisi\u00f3n y ajuste de prisioneros.<br>Limpieza de drenajes y bandeja de condensado.<br>Chequeo de voltajes y amperajes de los sistemas el\u00e9ctricos de potencia y control.<br>Revisi\u00f3n y limpieza de contactores, t\u00e9rmicos y protecciones el\u00e9ctricas de los equipos.<br>Lavado de filtros de aire.<br>Limpieza de rejillas y difusores.<\/span><\/h5>\n<\/td>\n<td bgcolor=\"#C7E9FA\" width=\"34%\">\n<h5><span style=\"font-size: xx-medium;\">Limpieza general.<br>Limpieza de torre con hidrolavadora.<br>Limpieza de evaporador.<br>Verificar y tensar correas de forzador y ventilador.<br>Verificar fugas de refrigerantes.<br>Verificar nivel aceite bomba.<br>Verificar y reapretar empaquetadura de bomba.<br>Verificar presi\u00f3n presostato alta\/ baja.<br>Cambiar filtro de aire primario y secundario.<\/span><\/h5>\n<\/td>\n<\/tr>\n<\/tbody>\n<\/table>\n<p><nbsp><br><\/nbsp><\/p>\n<p><nbsp><br><\/nbsp><\/p>\n\n\n<p><p class=\"has-medium-font-size\" ;=\"\" style=\"color: black\">Realizamos Servicios de Reparaci\u00f3n a pedido de nuestros clientes, como as\u00ed tambi\u00e9n la provisi\u00f3n de repuestos para una amplia variedad de equipamientos.<\/p><\/p>\n\n\n<p><nbsp><br><\/nbsp><\/p>\n<p><nbsp><br><\/nbsp><\/p>\n<p><nbsp><br><\/nbsp><\/p>\n<p><nbsp><br><\/nbsp><\/p>\n<p><nbsp><br><\/nbsp><\/p>\n<p><nbsp><br><\/nbsp><\/p>","protected":false},"excerpt":{"rendered":"<p>En Sterkel nuestra filosof\u00eda esta conseguida para ofrecer un servicio especializado a nuestros clientes. Servicio que se enfoca en las soluciones t\u00e9cnico &#8211; econ\u00f3micas m\u00e1s adecuadas a los requerimientos y necesidades de nuestros clientes. Para la eficaz prestaci\u00f3n de nuestros servicios contamos con personal id\u00f3neo, un taller equipado con todas las herramientas adecuadas para las [&hellip;]<\/p>\n","protected":false},"author":1,"featured_media":0,"parent":0,"menu_order":0,"comment_status":"closed","ping_status":"closed","template":"","meta":{"footnotes":""},"_links":{"self":[{"href":"https:\/\/sterkel.com.ar\/sr\/index.php\/wp-json\/wp\/v2\/pages\/86"}],"collection":[{"href":"https:\/\/sterkel.com.ar\/sr\/index.php\/wp-json\/wp\/v2\/pages"}],"about":[{"href":"https:\/\/sterkel.com.ar\/sr\/index.php\/wp-json\/wp\/v2\/types\/page"}],"author":[{"embeddable":true,"href":"https:\/\/sterkel.com.ar\/sr\/index.php\/wp-json\/wp\/v2\/users\/1"}],"replies":[{"embeddable":true,"href":"https:\/\/sterkel.com.ar\/sr\/index.php\/wp-json\/wp\/v2\/comments?post=86"}],"version-history":[{"count":39,"href":"https:\/\/sterkel.com.ar\/sr\/index.php\/wp-json\/wp\/v2\/pages\/86\/revisions"}],"predecessor-version":[{"id":610,"href":"https:\/\/sterkel.com.ar\/sr\/index.php\/wp-json\/wp\/v2\/pages\/86\/revisions\/610"}],"wp:attachment":[{"href":"https:\/\/sterkel.com.ar\/sr\/index.php\/wp-json\/wp\/v2\/media?parent=86"}],"curies":[{"name":"wp","href":"https:\/\/api.w.org\/{rel}","templated":true}]}}