{"id":83,"date":"2022-11-29T13:45:47","date_gmt":"2022-11-29T16:45:47","guid":{"rendered":"http:\/\/sterkel.com.ar\/sr\/?page_id=83"},"modified":"2022-12-29T11:16:48","modified_gmt":"2022-12-29T14:16:48","slug":"productos","status":"publish","type":"page","link":"https:\/\/sterkel.com.ar\/sr\/index.php\/productos\/","title":{"rendered":"Productos"},"content":{"rendered":"<h4 style=\"\" class=\"has-medium-font-size\"> En Sterkel queremos dar un \u00f3ptimo servicio a nuestros clientes satisfaciendo cada una de sus necesidades, y para ello brindamos el mejor asesoramiento t\u00e9cnico en funci\u00f3n de nuestros mas de 25 a\u00f1os de experiencia.<\/h4>\n<p><nbsp><br \/>\n<\/nbsp><\/p>\n<h4 style=\"\" class=\"has-medium-font-size\"> Vendemos productos de primeras marcas conformes a las necesidades del cliente, enfocados en la calidad y servicio posventa.<\/h4>\n<p><nbsp><br \/>\n<\/nbsp><\/p>\n<h4 style=\"\" class=\"has-medium-font-size\"> Somos una empresa enfocada en el uso de energias limpias promoviendo el uso responsable de los recursos y se minimizando los residuos generados, comprometidos siempre con la prevenci\u00f3n de la contaminaci\u00f3n ambiental.<\/h4>\n<section id=\"why-us\" class=\"Sterkel \">\n<div class=\"container-fluid container\">\n<nbsp><br \/>\n<\/nbsp><br \/>\n<nbsp><br \/>\n<\/nbsp><br \/>\n<nbsp><br \/>\n<\/nbsp><\/p>\n<header class=\"section-header\">\n<h2 class=\"mb-5 features wow bounceInUp clearfix text-center\">\u00bfPor qu\u00e9 elegirnos?<\/h2>\n<\/header>\n<div class=\"row\">\n<div class=\"col-lg-4 features wow bounceInUp clearfix text-center\">\n<h1 class=\"fa fa-tint\" style=\"color: #2596be;\">&nbsp;<\/h1>\n<h4 class=\"mb-0 mt-3\" style=\"color: black;\">Mejor humidificaci\u00f3n<\/h4>\n<h5 style=\"color: #363a3d;\">Sistemas capaces de generar una humedad uniforme en el ambiente que se dese\u00e9.<\/h5>\n<\/div>\n<div class=\"col-lg-4 features wow bounceInUp clearfix text-center\">\n<h1 class=\"fas fa-thermometer-three-quarters\" style=\"color: #2596be;\">&nbsp;<\/h1>\n<h4 class=\"mb-0 mt-3\" style=\"color: black;\">Refrigeraci\u00f3n<\/h4>\n<h5 style=\"color: #363a3d;\">Brindamos el mejor servicio de refrigeraci\u00f3n<\/h5>\n<\/div>\n<div class=\"col-lg-4 features wow bounceInUp clearfix text-center\">\n<h1 class=\"fas fa-money-bill-alt\" style=\"color: #2596be;\">&nbsp;<\/h1>\n<h4 class=\"mb-0 mt-3\" style=\"color: black;\">Costos<\/h4>\n<h5 style=\"color: #363a3d;\">Nuestros equipos tienen un bajo consumo de energ\u00eda y los mejores precios.<\/h5>\n<\/div>\n<div class=\"col-lg-4 features wow bounceInUp clearfix text-center\">\n<h1 class=\"fas fa-gem\" style=\"color: #2596be;\">&nbsp;<\/h1>\n<h4 class=\"mb-0 mt-3\" style=\"color: black;\">Mejora la calidad del aire<\/h4>\n<h5 style=\"color: #363a3d;\">Nuestros productos permiten una mejor atomizaci\u00f3n del medio ambiente. De esta manera la calidad del aire dentro del ambiente mejora considerablemente.<\/h5>\n<\/div>\n<div class=\"col-lg-4 features wow bounceInUp clearfix text-center\">\n<h1 class=\"fa-solid fa-seedling\" style=\"color: #2596be;\">&nbsp;<\/h1>\n<h4 class=\"mb-0 mt-3\" style=\"color: black;\">Apoyamos a las iniciativas Verdes<\/h4>\n<h5 style=\"color: #363a3d;\">Los sistemas que instalamos son respetuosos con el medio ambiente y funcionan con la m\u00e1xima eficiencia, ahorrando energ\u00eda.<\/h5>\n<\/div>\n<div class=\"col-lg-4 features wow bounceInUp clearfix text-center\">\n<h1 class=\"fas fa-cog\" style=\"color: #2596be;\">&nbsp;<\/h1>\n<h4 class=\"mb-0 mt-3\" style=\"color: black;\">Instalaci\u00f3n<\/h4>\n<h5 style=\"color: #363a3d;\">Una instalaci\u00f3n r\u00e1pida y realizada por los t\u00e9cnicos mas capacitados.<\/h5>\n<\/div>\n<\/div>\n<\/div>\n<\/section>\n<p><nbsp><br \/>\n<\/nbsp><br \/>\n<nbsp><br \/>\n<\/nbsp><\/p>\n","protected":false},"excerpt":{"rendered":"<p>En Sterkel queremos dar un \u00f3ptimo servicio a nuestros clientes satisfaciendo cada una de sus necesidades, y para ello brindamos el mejor asesoramiento t\u00e9cnico en funci\u00f3n de nuestros mas de 25 a\u00f1os de experiencia. Vendemos productos de primeras marcas conformes a las necesidades del cliente, enfocados en la calidad y servicio posventa. Somos una empresa [&hellip;]<\/p>\n","protected":false},"author":1,"featured_media":0,"parent":0,"menu_order":0,"comment_status":"closed","ping_status":"closed","template":"","meta":{"footnotes":""},"_links":{"self":[{"href":"https:\/\/sterkel.com.ar\/sr\/index.php\/wp-json\/wp\/v2\/pages\/83"}],"collection":[{"href":"https:\/\/sterkel.com.ar\/sr\/index.php\/wp-json\/wp\/v2\/pages"}],"about":[{"href":"https:\/\/sterkel.com.ar\/sr\/index.php\/wp-json\/wp\/v2\/types\/page"}],"author":[{"embeddable":true,"href":"https:\/\/sterkel.com.ar\/sr\/index.php\/wp-json\/wp\/v2\/users\/1"}],"replies":[{"embeddable":true,"href":"https:\/\/sterkel.com.ar\/sr\/index.php\/wp-json\/wp\/v2\/comments?post=83"}],"version-history":[{"count":251,"href":"https:\/\/sterkel.com.ar\/sr\/index.php\/wp-json\/wp\/v2\/pages\/83\/revisions"}],"predecessor-version":[{"id":609,"href":"https:\/\/sterkel.com.ar\/sr\/index.php\/wp-json\/wp\/v2\/pages\/83\/revisions\/609"}],"wp:attachment":[{"href":"https:\/\/sterkel.com.ar\/sr\/index.php\/wp-json\/wp\/v2\/media?parent=83"}],"curies":[{"name":"wp","href":"https:\/\/api.w.org\/{rel}","templated":true}]}}